{"id":7837,"date":"2021-11-23T12:26:55","date_gmt":"2021-11-23T11:26:55","guid":{"rendered":"https:\/\/www.footprint.hr\/?post_type=product&#038;p=7837"},"modified":"2024-05-16T21:45:58","modified_gmt":"2024-05-16T19:45:58","slug":"leave-your-footprint-plesna-biljeznica","status":"publish","type":"product","link":"https:\/\/www.footprint.hr\/en\/product\/leave-your-footprint-plesna-biljeznica\/","title":{"rendered":"Leave Your Footprint PLESNA Bilje\u017enica"},"content":{"rendered":"","protected":false},"excerpt":{"rendered":"<p>U dana\u0161njem ludilu informacija, dobro je po\u010deti zapisivati svoje planove, obaveze, dogovore ili samo ostaviti plesni takt, mo\u017eda i koji stih \ud83d\ude42<\/p>\n<p>Kemijska dolazi sa bilje\u017enicom.<\/p>\n","protected":false},"featured_media":7870,"template":"","meta":[],"etheme_brands":[{"term_id":90,"name":"Leave Your Footprint","slug":"leave-your-footprint","term_group":0,"term_taxonomy_id":90,"taxonomy":"brand","description":"","parent":0,"count":20,"filter":"raw"}],"product_cat":[44,27],"product_tag":[],"class_list":["post-7837","product","type-product","status-publish","has-post-thumbnail","hentry","brand-leave-your-footprint","product_cat-dodaci","product_cat-svi-proizvodi"],"_links":{"self":[{"href":"https:\/\/www.footprint.hr\/en\/wp-json\/wp\/v2\/product\/7837","targetHints":{"allow":["GET"]}}],"collection":[{"href":"https:\/\/www.footprint.hr\/en\/wp-json\/wp\/v2\/product"}],"about":[{"href":"https:\/\/www.footprint.hr\/en\/wp-json\/wp\/v2\/types\/product"}],"version-history":[{"count":3,"href":"https:\/\/www.footprint.hr\/en\/wp-json\/wp\/v2\/product\/7837\/revisions"}],"predecessor-version":[{"id":7920,"href":"https:\/\/www.footprint.hr\/en\/wp-json\/wp\/v2\/product\/7837\/revisions\/7920"}],"wp:featuredmedia":[{"embeddable":true,"href":"https:\/\/www.footprint.hr\/en\/wp-json\/wp\/v2\/media\/7870"}],"wp:attachment":[{"href":"https:\/\/www.footprint.hr\/en\/wp-json\/wp\/v2\/media?parent=7837"}],"wp:term":[{"taxonomy":"brand","embeddable":true,"href":"https:\/\/www.footprint.hr\/en\/wp-json\/wp\/v2\/etheme_brands?post=7837"},{"taxonomy":"product_cat","embeddable":true,"href":"https:\/\/www.footprint.hr\/en\/wp-json\/wp\/v2\/product_cat?post=7837"},{"taxonomy":"product_tag","embeddable":true,"href":"https:\/\/www.footprint.hr\/en\/wp-json\/wp\/v2\/product_tag?post=7837"}],"curies":[{"name":"wp","href":"https:\/\/api.w.org\/{rel}","templated":true}]}}