{"id":7684,"date":"2021-11-15T18:21:20","date_gmt":"2021-11-15T17:21:20","guid":{"rendered":"https:\/\/www.footprint.hr\/?post_type=product&#038;p=7684"},"modified":"2024-06-04T11:19:28","modified_gmt":"2024-06-04T09:19:28","slug":"footprint-sweatshirt","status":"publish","type":"product","link":"https:\/\/www.footprint.hr\/en\/product\/footprint-sweatshirt\/","title":{"rendered":"Footprint Sweatshirt"},"content":{"rendered":"","protected":false},"excerpt":{"rendered":"<p>Pamu\u010dna majica dugih rukava bez kapulja\u010de, sa \u0161tikom FOOTPRINT u istoj boji.<\/p>\n","protected":false},"featured_media":7689,"template":"","meta":[],"etheme_brands":[{"term_id":90,"name":"Leave Your Footprint","slug":"leave-your-footprint","term_group":0,"term_taxonomy_id":90,"taxonomy":"brand","description":"","parent":0,"count":20,"filter":"raw"}],"product_cat":[35,46,27],"product_tag":[95],"class_list":["post-7684","product","type-product","status-publish","has-post-thumbnail","hentry","brand-leave-your-footprint","product_cat-popusti","product_cat-sportska-kolekcija","product_cat-svi-proizvodi","product_tag-muska"],"_links":{"self":[{"href":"https:\/\/www.footprint.hr\/en\/wp-json\/wp\/v2\/product\/7684","targetHints":{"allow":["GET"]}}],"collection":[{"href":"https:\/\/www.footprint.hr\/en\/wp-json\/wp\/v2\/product"}],"about":[{"href":"https:\/\/www.footprint.hr\/en\/wp-json\/wp\/v2\/types\/product"}],"version-history":[{"count":3,"href":"https:\/\/www.footprint.hr\/en\/wp-json\/wp\/v2\/product\/7684\/revisions"}],"predecessor-version":[{"id":8104,"href":"https:\/\/www.footprint.hr\/en\/wp-json\/wp\/v2\/product\/7684\/revisions\/8104"}],"wp:featuredmedia":[{"embeddable":true,"href":"https:\/\/www.footprint.hr\/en\/wp-json\/wp\/v2\/media\/7689"}],"wp:attachment":[{"href":"https:\/\/www.footprint.hr\/en\/wp-json\/wp\/v2\/media?parent=7684"}],"wp:term":[{"taxonomy":"brand","embeddable":true,"href":"https:\/\/www.footprint.hr\/en\/wp-json\/wp\/v2\/etheme_brands?post=7684"},{"taxonomy":"product_cat","embeddable":true,"href":"https:\/\/www.footprint.hr\/en\/wp-json\/wp\/v2\/product_cat?post=7684"},{"taxonomy":"product_tag","embeddable":true,"href":"https:\/\/www.footprint.hr\/en\/wp-json\/wp\/v2\/product_tag?post=7684"}],"curies":[{"name":"wp","href":"https:\/\/api.w.org\/{rel}","templated":true}]}}